{"id":90,"date":"2019-12-06T19:55:11","date_gmt":"2019-12-06T17:55:11","guid":{"rendered":"http:\/\/quadern-interficies.recursos.uoc.edu\/?page_id=90"},"modified":"2020-01-21T16:53:39","modified_gmt":"2020-01-21T14:53:39","slug":"2-2-1-introduccion","status":"publish","type":"page","link":"http:\/\/quadern-interficies.recursos.uoc.edu\/es\/2-2-1-introduccion\/","title":{"rendered":"2.2.1. Introducci\u00f3n"},"content":{"rendered":"<p>Las p\u00e1ginas web se pueden clasificar en funci\u00f3n del comportamiento de su contenido, funcionalidad\/objetivo y su responsividad.<\/p>\n<p>A continuaci\u00f3n identificaremos los diferentes tipos y sus caracter\u00edsticas.<\/p>\n","protected":false},"excerpt":{"rendered":"<p>Las p\u00e1ginas web se pueden clasificar en funci\u00f3n del comportamiento de su contenido, funcionalidad\/objetivo y su responsividad. A continuaci\u00f3n identificaremos los diferentes tipos y sus caracter\u00edsticas.<\/p>\n","protected":false},"author":2,"featured_media":0,"parent":0,"menu_order":0,"comment_status":"closed","ping_status":"closed","template":"","meta":[],"_links":{"self":[{"href":"http:\/\/quadern-interficies.recursos.uoc.edu\/es\/wp-json\/wp\/v2\/pages\/90"}],"collection":[{"href":"http:\/\/quadern-interficies.recursos.uoc.edu\/es\/wp-json\/wp\/v2\/pages"}],"about":[{"href":"http:\/\/quadern-interficies.recursos.uoc.edu\/es\/wp-json\/wp\/v2\/types\/page"}],"author":[{"embeddable":true,"href":"http:\/\/quadern-interficies.recursos.uoc.edu\/es\/wp-json\/wp\/v2\/users\/2"}],"replies":[{"embeddable":true,"href":"http:\/\/quadern-interficies.recursos.uoc.edu\/es\/wp-json\/wp\/v2\/comments?post=90"}],"version-history":[{"count":2,"href":"http:\/\/quadern-interficies.recursos.uoc.edu\/es\/wp-json\/wp\/v2\/pages\/90\/revisions"}],"predecessor-version":[{"id":609,"href":"http:\/\/quadern-interficies.recursos.uoc.edu\/es\/wp-json\/wp\/v2\/pages\/90\/revisions\/609"}],"wp:attachment":[{"href":"http:\/\/quadern-interficies.recursos.uoc.edu\/es\/wp-json\/wp\/v2\/media?parent=90"}],"curies":[{"name":"wp","href":"https:\/\/api.w.org\/{rel}","templated":true}]}}