{"id":61,"date":"2019-12-06T16:27:14","date_gmt":"2019-12-06T14:27:14","guid":{"rendered":"http:\/\/quadern-interficies.recursos.uoc.edu\/?page_id=61"},"modified":"2020-01-21T16:47:13","modified_gmt":"2020-01-21T14:47:13","slug":"1-3-2-natural-mapping","status":"publish","type":"page","link":"http:\/\/quadern-interficies.recursos.uoc.edu\/es\/1-3-2-natural-mapping\/","title":{"rendered":"1.3.2. <em>Natural mapping<\/em>"},"content":{"rendered":"<div class=\"featured featured-blue\"><p>Aprovechar las analog\u00edas f\u00edsicas y los est\u00e1ndares culturales es algo que facilita la comprensi\u00f3n y hace su uso m\u00e1s intuitivo.<\/p>\n<\/div>\n<p>Las analog\u00edas espaciales son muy \u00fatiles; para controlar un conjunto de luces, es preferible mostrar los controles en la misma disposici\u00f3n espacial que tienen las luces. Por ejemplo, en un fog\u00f3n de cuatro encendedores con los cuatro comandos de apertura de gas dispuestos en l\u00ednea, ser\u00e1 necesario indicar en etiquetas o iconos qu\u00e9 controlador corresponde a cada fog\u00f3n. Este problema se podr\u00eda resolver si se colocaran los controladores en la misma disposici\u00f3n que los fogones. Hay que tener en cuenta que algunos mapas naturales son culturales o biol\u00f3gicos (ved <a href=\"http:\/\/design-toolkit.recursos.uoc.edu\/es\/mapeo-natural\/\" target=\"_blank\" rel=\"noopener noreferrer\">\u00abMapeo natural\u00bb<\/a>); por ejemplo, una flecha hacia arriba significa un aumento, y una flecha hacia abajo significa todo lo contrario. Del mismo modo, un sonido m\u00e1s fuerte o m\u00e1s agudo puede significar un aumento o una acci\u00f3n positiva.<\/p>\n<figure id=\"attachment_219\" aria-describedby=\"caption-attachment-219\" style=\"width: 765px\" class=\"wp-caption alignnone\"><img loading=\"lazy\" class=\"size-full wp-image-219\" src=\"\/wp-content\/uploads\/2019\/12\/m4357_03.jpg\" alt=\"\" width=\"765\" height=\"295\" srcset=\"\/wp-content\/uploads\/2019\/12\/m4357_03.jpg 765w, \/wp-content\/uploads\/2019\/12\/m4357_03-300x116.jpg 300w\" sizes=\"(max-width: 765px) 100vw, 765px\" \/><figcaption id=\"caption-attachment-219\" class=\"wp-caption-text\">Figura 3. A la izquierda, un ejemplo de dise\u00f1o de interfaz que no sigue el principio de mapeo natural; a la derecha, un ejemplo de dise\u00f1o con mapeo natural en el que la distribuci\u00f3n espacial de los fogones y sus comandos se corresponden<br \/>Fuente: <a href=\"https:\/\/www.nngroup.com\/articles\/natural-mappings\/\" target=\"_blank\" rel=\"noopener noreferrer\">https:\/\/www.nngroup.com\/articles\/natural-mappings\/<\/a>.<\/figcaption><\/figure>\n","protected":false},"excerpt":{"rendered":"<p>Las analog\u00edas espaciales son muy \u00fatiles; para controlar un conjunto de luces, es preferible mostrar los controles en la misma disposici\u00f3n espacial que tienen las luces. Por ejemplo, en un fog\u00f3n de cuatro encendedores con los cuatro comandos de apertura de gas dispuestos en l\u00ednea, ser\u00e1 necesario indicar en etiquetas o iconos qu\u00e9 controlador corresponde [&hellip;]<\/p>\n","protected":false},"author":2,"featured_media":0,"parent":0,"menu_order":0,"comment_status":"closed","ping_status":"closed","template":"","meta":[],"_links":{"self":[{"href":"http:\/\/quadern-interficies.recursos.uoc.edu\/es\/wp-json\/wp\/v2\/pages\/61"}],"collection":[{"href":"http:\/\/quadern-interficies.recursos.uoc.edu\/es\/wp-json\/wp\/v2\/pages"}],"about":[{"href":"http:\/\/quadern-interficies.recursos.uoc.edu\/es\/wp-json\/wp\/v2\/types\/page"}],"author":[{"embeddable":true,"href":"http:\/\/quadern-interficies.recursos.uoc.edu\/es\/wp-json\/wp\/v2\/users\/2"}],"replies":[{"embeddable":true,"href":"http:\/\/quadern-interficies.recursos.uoc.edu\/es\/wp-json\/wp\/v2\/comments?post=61"}],"version-history":[{"count":5,"href":"http:\/\/quadern-interficies.recursos.uoc.edu\/es\/wp-json\/wp\/v2\/pages\/61\/revisions"}],"predecessor-version":[{"id":594,"href":"http:\/\/quadern-interficies.recursos.uoc.edu\/es\/wp-json\/wp\/v2\/pages\/61\/revisions\/594"}],"wp:attachment":[{"href":"http:\/\/quadern-interficies.recursos.uoc.edu\/es\/wp-json\/wp\/v2\/media?parent=61"}],"curies":[{"name":"wp","href":"https:\/\/api.w.org\/{rel}","templated":true}]}}