{"id":44,"date":"2019-12-06T15:14:58","date_gmt":"2019-12-06T13:14:58","guid":{"rendered":"http:\/\/quadern-interficies.recursos.uoc.edu\/?page_id=44"},"modified":"2019-12-06T15:14:58","modified_gmt":"2019-12-06T13:14:58","slug":"introduccion","status":"publish","type":"page","link":"http:\/\/quadern-interficies.recursos.uoc.edu\/es\/","title":{"rendered":"Introducci\u00f3n"},"content":{"rendered":"<p>El cuaderno presenta un conjunto de herramientas para entender las finalidades y las peculiaridades del dise\u00f1o de interfaces y sus sinergias con los procesos de dise\u00f1o centrado en el usuario. Comenzaremos recorriendo la historia del dise\u00f1o de interfaces para comprender por qu\u00e9 es tan importante crear dise\u00f1os que pongan el potencial tecnol\u00f3gico al servicio de las necesidades de las personas. Identificaremos y analizaremos los tipos de sitios web, sus elementos de navegaci\u00f3n y sensoriales, as\u00ed como los tipos de arquitecturas de informaci\u00f3n en que se organiza su contenido. Los contenidos te\u00f3ricos ir\u00e1n siempre acompa\u00f1ados de ejercicios de an\u00e1lisis y de dise\u00f1o, sirviendo de contexto para poner en pr\u00e1ctica los conceptos que iremos trabajando.<\/p>\n<p>En los \u00faltimos apartados del cuaderno exploraremos las interfaces gestuales, conversacionales, y otros tipos de interfaces emergentes, como los entornos de realidad virtual y las interfaces basadas en fisiolog\u00eda. A trav\u00e9s de la exploraci\u00f3n y an\u00e1lisis de estos tipos de interfaz y estilos de interacci\u00f3n aprenderemos a seleccionar y aplicar los m\u00e9todos y los principios m\u00e1s adecuados en funci\u00f3n de los objetivos y las necesidades de cada proyecto. Para ello, ser\u00e1 fundamental entender los retos del dise\u00f1o de interfaz en funci\u00f3n de las tecnolog\u00edas y dispositivos disponibles y siendo conscientes de c\u00f3mo impactan las interfaces en las personas, para dise\u00f1arlas de manera honesta y respetuosa con las diferencias sociales, culturales y de g\u00e9nero. Este cuaderno pretende ser una gu\u00eda para el desarrollo de esta mirada cr\u00edtica y comprometida que caracteriza a un buen dise\u00f1ador de interfaces.<\/p>\n","protected":false},"excerpt":{"rendered":"<p>El cuaderno presenta un conjunto de herramientas para entender las finalidades y las peculiaridades del dise\u00f1o de interfaces y sus sinergias con los procesos de dise\u00f1o centrado en el usuario. Comenzaremos recorriendo la historia del dise\u00f1o de interfaces para comprender por qu\u00e9 es tan importante crear dise\u00f1os que pongan el potencial tecnol\u00f3gico al servicio de [&hellip;]<\/p>\n","protected":false},"author":2,"featured_media":0,"parent":0,"menu_order":0,"comment_status":"closed","ping_status":"closed","template":"","meta":[],"_links":{"self":[{"href":"http:\/\/quadern-interficies.recursos.uoc.edu\/es\/wp-json\/wp\/v2\/pages\/44"}],"collection":[{"href":"http:\/\/quadern-interficies.recursos.uoc.edu\/es\/wp-json\/wp\/v2\/pages"}],"about":[{"href":"http:\/\/quadern-interficies.recursos.uoc.edu\/es\/wp-json\/wp\/v2\/types\/page"}],"author":[{"embeddable":true,"href":"http:\/\/quadern-interficies.recursos.uoc.edu\/es\/wp-json\/wp\/v2\/users\/2"}],"replies":[{"embeddable":true,"href":"http:\/\/quadern-interficies.recursos.uoc.edu\/es\/wp-json\/wp\/v2\/comments?post=44"}],"version-history":[{"count":1,"href":"http:\/\/quadern-interficies.recursos.uoc.edu\/es\/wp-json\/wp\/v2\/pages\/44\/revisions"}],"predecessor-version":[{"id":45,"href":"http:\/\/quadern-interficies.recursos.uoc.edu\/es\/wp-json\/wp\/v2\/pages\/44\/revisions\/45"}],"wp:attachment":[{"href":"http:\/\/quadern-interficies.recursos.uoc.edu\/es\/wp-json\/wp\/v2\/media?parent=44"}],"curies":[{"name":"wp","href":"https:\/\/api.w.org\/{rel}","templated":true}]}}