{"id":115,"date":"2019-12-06T21:26:57","date_gmt":"2019-12-06T19:26:57","guid":{"rendered":"http:\/\/quadern-interficies.recursos.uoc.edu\/?page_id=115"},"modified":"2020-01-21T16:59:40","modified_gmt":"2020-01-21T14:59:40","slug":"2-5-2-el-contraste-y-la-uniformidad","status":"publish","type":"page","link":"http:\/\/quadern-interficies.recursos.uoc.edu\/es\/2-5-2-el-contraste-y-la-uniformidad\/","title":{"rendered":"2.5.2. El contraste y la uniformidad"},"content":{"rendered":"<p>Aumentar el <strong>contraste<\/strong> permite atraer la atenci\u00f3n y diferenciar elementos, as\u00ed como mejorar la <a href=\"http:\/\/disseny.recursos.uoc.edu\/materials\/interface-toolkit\/es\/legibilidad\/?filter=.visual-es\" target=\"_blank\" rel=\"noopener noreferrer\">legibilidad<\/a>. Por otro lado, mantener la <strong>uniformidad<\/strong> (por ejemplo, usar elementos con tama\u00f1os similares) evita que el usuario se sienta confundido y abrumado por un est\u00edmulo sensorial excesivo.<\/p>\n<div class=\"featured featured-blue\"><p>Es, por tanto, fundamental que en el dise\u00f1o exista un buen balance entre contraste y uniformidad.<\/p>\n<\/div>\n","protected":false},"excerpt":{"rendered":"<p>Aumentar el contraste permite atraer la atenci\u00f3n y diferenciar elementos, as\u00ed como mejorar la legibilidad. Por otro lado, mantener la uniformidad (por ejemplo, usar elementos con tama\u00f1os similares) evita que el usuario se sienta confundido y abrumado por un est\u00edmulo sensorial excesivo.<\/p>\n","protected":false},"author":2,"featured_media":0,"parent":0,"menu_order":0,"comment_status":"closed","ping_status":"closed","template":"","meta":[],"_links":{"self":[{"href":"http:\/\/quadern-interficies.recursos.uoc.edu\/es\/wp-json\/wp\/v2\/pages\/115"}],"collection":[{"href":"http:\/\/quadern-interficies.recursos.uoc.edu\/es\/wp-json\/wp\/v2\/pages"}],"about":[{"href":"http:\/\/quadern-interficies.recursos.uoc.edu\/es\/wp-json\/wp\/v2\/types\/page"}],"author":[{"embeddable":true,"href":"http:\/\/quadern-interficies.recursos.uoc.edu\/es\/wp-json\/wp\/v2\/users\/2"}],"replies":[{"embeddable":true,"href":"http:\/\/quadern-interficies.recursos.uoc.edu\/es\/wp-json\/wp\/v2\/comments?post=115"}],"version-history":[{"count":3,"href":"http:\/\/quadern-interficies.recursos.uoc.edu\/es\/wp-json\/wp\/v2\/pages\/115\/revisions"}],"predecessor-version":[{"id":623,"href":"http:\/\/quadern-interficies.recursos.uoc.edu\/es\/wp-json\/wp\/v2\/pages\/115\/revisions\/623"}],"wp:attachment":[{"href":"http:\/\/quadern-interficies.recursos.uoc.edu\/es\/wp-json\/wp\/v2\/media?parent=115"}],"curies":[{"name":"wp","href":"https:\/\/api.w.org\/{rel}","templated":true}]}}